{"id":780,"date":"2024-05-07T15:37:31","date_gmt":"2024-05-07T13:37:31","guid":{"rendered":"https:\/\/bkkmitte-geschaeftsbericht.de\/bkkmitte2023\/?page_id=780"},"modified":"2024-06-26T09:59:47","modified_gmt":"2024-06-26T07:59:47","slug":"neue-konzepte-fuer-die-it","status":"publish","type":"page","link":"https:\/\/bkkmitte-geschaeftsbericht.de\/bkkmitte2023\/neue-konzepte-fuer-die-it\/","title":{"rendered":"Neue Konzepte f\u00fcr die IT"},"content":{"rendered":"\t\t<div data-elementor-type=\"wp-page\" data-elementor-id=\"780\" class=\"elementor elementor-780\" data-elementor-post-type=\"page\">\n\t\t\t\t\t\t<section class=\"elementor-section elementor-top-section elementor-element elementor-element-82f5a2c elementor-section-stretched elementor-section-boxed elementor-section-height-default elementor-section-height-default\" data-id=\"82f5a2c\" data-element_type=\"section\" data-settings=\"{&quot;stretch_section&quot;:&quot;section-stretched&quot;,&quot;background_background&quot;:&quot;classic&quot;}\">\n\t\t\t\t\t\t<div class=\"elementor-container elementor-column-gap-default\">\n\t\t\t\t\t<div class=\"elementor-column elementor-col-100 elementor-top-column elementor-element elementor-element-22d6266\" data-id=\"22d6266\" data-element_type=\"column\">\n\t\t\t<div class=\"elementor-widget-wrap\">\n\t\t\t\t\t\t\t<\/div>\n\t\t<\/div>\n\t\t\t\t\t<\/div>\n\t\t<\/section>\n\t\t\t\t<section class=\"elementor-section elementor-top-section elementor-element elementor-element-fdba34d elementor-section-stretched elementor-section-boxed elementor-section-height-default elementor-section-height-default\" data-id=\"fdba34d\" data-element_type=\"section\" data-settings=\"{&quot;stretch_section&quot;:&quot;section-stretched&quot;,&quot;background_background&quot;:&quot;classic&quot;}\">\n\t\t\t\t\t\t<div class=\"elementor-container elementor-column-gap-default\">\n\t\t\t\t\t<div class=\"elementor-column elementor-col-50 elementor-top-column elementor-element elementor-element-4e9f131\" data-id=\"4e9f131\" data-element_type=\"column\">\n\t\t\t<div class=\"elementor-widget-wrap elementor-element-populated\">\n\t\t\t\t\t\t<div class=\"elementor-element elementor-element-07f6320 elementor-widget elementor-widget-text-editor\" data-id=\"07f6320\" data-element_type=\"widget\" data-widget_type=\"text-editor.default\">\n\t\t\t\t<div class=\"elementor-widget-container\">\n\t\t\t\t\t\t\t\t\t<p>In Anbetracht der sich st\u00e4ndig weiterentwickelnden technologischen Landschaft und der zunehmenden Bedrohungen durch Cyberkriminalit\u00e4t, steht auch der BKK Landesverband Mitte vor neuen Herausforderungen und Chancen. Daher wurde im Jahr 2023 damit begonnen, den IT Bereich im BKK Landesverband Mitte neu auszurichten.<\/p><p>Es war eine strategische Entscheidung, den IT-Bereich des gesamten BKK Landesverbandes Mitte von einer dezentralen zu einer zentralen Organisationsform weiterzuentwickeln, um die Effizienz, Sicherheit und Agilit\u00e4t zu verbessern.<\/p><p>Die Konsolidierung zu einer zentralen IT-Organisation erm\u00f6glicht es, Cybersecurity-Ma\u00dfnahmen zu verbessern. Im Jahr 2023 wurde damit begonnen, ein umfassendes Cyberkonzept zu erstellen. Durch die B\u00fcndelung von Ressourcen und Fachwissen k\u00f6nnen effektivere Sicherheitsrichtlinien entwickelt, implementiert und \u00fcberwacht werden, um die Systeme und Daten vor Bedrohungen zu sch\u00fctzen. Dies ist besonders wichtig angesichts der wachsenden Anzahl und Raffinesse von Cyberangriffen, die Unternehmen jeder Gr\u00f6\u00dfe betreffen k\u00f6nnen. Eine zentralisierte Struktur erleichtert zudem die Einhaltung von Datenschutzvorschriften und die Reaktion auf neue rechtliche Anforderungen.<\/p><p>Neue Technologien wie Cloud-Computing und k\u00fcnstliche Intelligenz (KI) bringen sowohl neue M\u00f6glichkeiten als auch neue Herausforderungen mit sich.<\/p><p>Die Neuausrichtung der IT erm\u00f6glicht es, Cloud-Services effizienter zu nutzen und gleichzeitig Sicherheitsrisiken zu minimieren. Dar\u00fcber hinaus bietet die zentrale Koordination eine bessere M\u00f6glichkeit, KI-Initiativen zu implementieren und zu skalieren, um Prozesse zu automatisieren und datengesteuerte Einblicke zu gewinnen.<\/p><p>Ein weiterer wichtiger Aspekt bei der Umstellung auf eine zentrale IT-Organisation ist die Ber\u00fccksichtigung von Nachhaltigkeitsprinzipien. Durch die Zusammenlegung der IT sind Optimierungen hinsichtlich IT-Infrastruktur und Serverkapazit\u00e4ten m\u00f6glich: der Energieverbrauch reduziert sich und Umweltauswirkungen k\u00f6nnen verringert werden. Dar\u00fcber hinaus erm\u00f6glicht eine zentrale Organisation eine effizientere Beschaffung von umweltfreundlichen IT-Produkten und -Dienstleistungen sowie die Integration von Nachhaltigkeitszielen in die Unternehmensstrategie.<\/p><p>Insgesamt bietet die Umstellung auf eine zentrale IT-Organisation eine Vielzahl von Vorteilen. Sie verbessert die Effizienz und Sicherheit der IT-Systeme, erleichtert die Integration neuer Technologien und unterst\u00fctzt die Einhaltung von Vorschriften und Nachhaltigkeitszielen. Durch die zentrale Koordination ist es dem BKK Landesverband Mitte m\u00f6glich, die IT-Ressourcen effektiver zu nutzen, Kosten zu senken und die Wettbewerbsf\u00e4higkeit in einer zunehmend digitalisierten Welt zu st\u00e4rken.<\/p>\t\t\t\t\t\t\t\t<\/div>\n\t\t\t\t<\/div>\n\t\t\t\t\t<\/div>\n\t\t<\/div>\n\t\t\t\t<div class=\"elementor-column elementor-col-50 elementor-top-column elementor-element elementor-element-5623115\" data-id=\"5623115\" data-element_type=\"column\">\n\t\t\t<div class=\"elementor-widget-wrap elementor-element-populated\">\n\t\t\t\t\t\t<div class=\"elementor-element elementor-element-668243a elementor-widget elementor-widget-image\" data-id=\"668243a\" data-element_type=\"widget\" data-widget_type=\"image.default\">\n\t\t\t\t<div class=\"elementor-widget-container\">\n\t\t\t\t\t\t\t\t\t\t\t\t\t\t\t<img fetchpriority=\"high\" decoding=\"async\" width=\"1014\" height=\"1024\" src=\"https:\/\/bkkmitte-geschaeftsbericht.de\/bkkmitte2023\/wp-content\/uploads\/it-1014x1024.gif\" class=\"attachment-large size-large wp-image-735\" alt=\"\" srcset=\"https:\/\/bkkmitte-geschaeftsbericht.de\/bkkmitte2023\/wp-content\/uploads\/it-1014x1024.gif 1014w, https:\/\/bkkmitte-geschaeftsbericht.de\/bkkmitte2023\/wp-content\/uploads\/it-507x512.gif 507w, https:\/\/bkkmitte-geschaeftsbericht.de\/bkkmitte2023\/wp-content\/uploads\/it-768x776.gif 768w, https:\/\/bkkmitte-geschaeftsbericht.de\/bkkmitte2023\/wp-content\/uploads\/it-1521x1536.gif 1521w\" sizes=\"(max-width: 1014px) 100vw, 1014px\" \/>\t\t\t\t\t\t\t\t\t\t\t\t\t\t\t<\/div>\n\t\t\t\t<\/div>\n\t\t\t\t\t<\/div>\n\t\t<\/div>\n\t\t\t\t\t<\/div>\n\t\t<\/section>\n\t\t\t\t<\/div>\n\t\t","protected":false},"excerpt":{"rendered":"<p>In Anbetracht der sich st\u00e4ndig weiterentwickelnden technologischen Landschaft und der zunehmenden Bedrohungen durch Cyberkriminalit\u00e4t, steht auch der BKK Landesverband Mitte vor neuen Herausforderungen und Chancen. Daher wurde im Jahr 2023 damit begonnen, den IT Bereich im BKK Landesverband Mitte neu auszurichten. Es war eine strategische Entscheidung, den IT-Bereich des gesamten BKK Landesverbandes Mitte von einer&hellip;<\/p>\n","protected":false},"author":2,"featured_media":0,"parent":0,"menu_order":14,"comment_status":"closed","ping_status":"closed","template":"","meta":{"footnotes":""},"class_list":["post-780","page","type-page","status-publish","hentry"],"_links":{"self":[{"href":"https:\/\/bkkmitte-geschaeftsbericht.de\/bkkmitte2023\/wp-json\/wp\/v2\/pages\/780","targetHints":{"allow":["GET"]}}],"collection":[{"href":"https:\/\/bkkmitte-geschaeftsbericht.de\/bkkmitte2023\/wp-json\/wp\/v2\/pages"}],"about":[{"href":"https:\/\/bkkmitte-geschaeftsbericht.de\/bkkmitte2023\/wp-json\/wp\/v2\/types\/page"}],"author":[{"embeddable":true,"href":"https:\/\/bkkmitte-geschaeftsbericht.de\/bkkmitte2023\/wp-json\/wp\/v2\/users\/2"}],"replies":[{"embeddable":true,"href":"https:\/\/bkkmitte-geschaeftsbericht.de\/bkkmitte2023\/wp-json\/wp\/v2\/comments?post=780"}],"version-history":[{"count":0,"href":"https:\/\/bkkmitte-geschaeftsbericht.de\/bkkmitte2023\/wp-json\/wp\/v2\/pages\/780\/revisions"}],"wp:attachment":[{"href":"https:\/\/bkkmitte-geschaeftsbericht.de\/bkkmitte2023\/wp-json\/wp\/v2\/media?parent=780"}],"curies":[{"name":"wp","href":"https:\/\/api.w.org\/{rel}","templated":true}]}}