{"id":732,"date":"2024-05-03T10:48:38","date_gmt":"2024-05-03T08:48:38","guid":{"rendered":"https:\/\/bkkmitte-geschaeftsbericht.de\/bkkmitte2023\/?page_id=732"},"modified":"2024-06-26T13:46:31","modified_gmt":"2024-06-26T11:46:31","slug":"sicherheit-stabilitaet","status":"publish","type":"page","link":"https:\/\/bkkmitte-geschaeftsbericht.de\/bkkmitte2023\/sicherheit-stabilitaet\/","title":{"rendered":"Sicherheit &#038; Stabilit\u00e4t"},"content":{"rendered":"\t\t<div data-elementor-type=\"wp-page\" data-elementor-id=\"732\" class=\"elementor elementor-732\" data-elementor-post-type=\"page\">\n\t\t\t\t\t\t<section class=\"elementor-section elementor-top-section elementor-element elementor-element-42d58cd elementor-section-stretched elementor-section-boxed elementor-section-height-default elementor-section-height-default\" data-id=\"42d58cd\" data-element_type=\"section\" data-settings=\"{&quot;stretch_section&quot;:&quot;section-stretched&quot;,&quot;background_background&quot;:&quot;classic&quot;}\">\n\t\t\t\t\t\t<div class=\"elementor-container elementor-column-gap-default\">\n\t\t\t\t\t<div class=\"elementor-column elementor-col-100 elementor-top-column elementor-element elementor-element-68efdf0\" data-id=\"68efdf0\" data-element_type=\"column\">\n\t\t\t<div class=\"elementor-widget-wrap elementor-element-populated\">\n\t\t\t\t\t\t<div class=\"elementor-element elementor-element-12ed06a elementor-widget elementor-widget-menu-anchor\" data-id=\"12ed06a\" data-element_type=\"widget\" data-widget_type=\"menu-anchor.default\">\n\t\t\t\t<div class=\"elementor-widget-container\">\n\t\t\t\t\t\t\t<div class=\"elementor-menu-anchor\" id=\"stabiles-fundament\"><\/div>\n\t\t\t\t\t\t<\/div>\n\t\t\t\t<\/div>\n\t\t\t\t<div class=\"elementor-element elementor-element-88de414 elementor-widget elementor-widget-heading\" data-id=\"88de414\" data-element_type=\"widget\" data-widget_type=\"heading.default\">\n\t\t\t\t<div class=\"elementor-widget-container\">\n\t\t\t\t\t<h2 class=\"elementor-heading-title elementor-size-default\">Stabiles Fundament \u2013 Auswirkungen der allgemeinen Zinspolitik<\/h2>\t\t\t\t<\/div>\n\t\t\t\t<\/div>\n\t\t\t\t<div class=\"elementor-element elementor-element-23b71f8 elementor-widget elementor-widget-text-editor\" data-id=\"23b71f8\" data-element_type=\"widget\" data-widget_type=\"text-editor.default\">\n\t\t\t\t<div class=\"elementor-widget-container\">\n\t\t\t\t\t\t\t\t\t<p>Mit der Haushaltsplanung f\u00fcr das Haushaltsjahr 2023 wurden im Herbst 2022 Zinseinnahmen f\u00fcr die BKK-Arbeitgeberversicherung von 941.000 Euro und f\u00fcr den BKK Landesverband Mitte von 90.000 Euro geplant. Zu diesem Zeitpunkt war noch nicht absehbar, in welchem Ma\u00dfe sich die Zinspolitik entwickeln w\u00fcrde.<\/p><p>Die Europ\u00e4ische Zentralbank (EZB) hatte im Haushaltsjahr 2023, unter anderem vor dem Hintergrund der gestiegenen Inflationsrate, den Leitzins mehrmals angehoben. Dies hatte zur Folge, dass die Gesch\u00e4ftsbanken des BKK Landesverbandes Mitte auch Festgelder mit k\u00fcrzeren Laufzeiten mit 3 Prozent und mehr verzinst haben.<\/p><p>Diese Entwicklung konnten der BKK Landesverband Mitte und die BKK-Arbeitgeberversicherung positiv nutzen. Insbesondere im zweiten Halbjahr des Jahres 2023 wirkten sich die erh\u00f6hten Zinseinnahmen deutlich aus.<\/p><p>Auf das vollst\u00e4ndige Haushaltsjahr 2023 bezogen, haben sich insgesamt 1.441.000 Euro f\u00fcr die BKK-Arbeitgeberversicherung und 419.000 Euro f\u00fcr den BKK Landesverband Mitte als Zinseinnahmen ergeben. Da die EZB Ende Januar 2024 keine Ver\u00e4nderung des aktuellen Leitzinses beschlossen hat, ist davon auszugehen, dass das Niveau, insbesondere der Festgeldzinsen bei einem durchschnittlichen Satz von etwa 3 Prozent, vorerst bleiben k\u00f6nnte.<\/p>\t\t\t\t\t\t\t\t<\/div>\n\t\t\t\t<\/div>\n\t\t\t\t<div class=\"elementor-element elementor-element-0c0a014 elementor-widget__width-auto elementor-absolute elementor-widget elementor-widget-image\" data-id=\"0c0a014\" data-element_type=\"widget\" data-settings=\"{&quot;_position&quot;:&quot;absolute&quot;,&quot;motion_fx_motion_fx_mouse&quot;:&quot;yes&quot;,&quot;motion_fx_mouseTrack_effect&quot;:&quot;yes&quot;,&quot;motion_fx_mouseTrack_speed&quot;:{&quot;unit&quot;:&quot;px&quot;,&quot;size&quot;:0.4,&quot;sizes&quot;:[]}}\" data-widget_type=\"image.default\">\n\t\t\t\t<div class=\"elementor-widget-container\">\n\t\t\t\t\t\t\t\t\t\t\t\t\t\t\t<img fetchpriority=\"high\" decoding=\"async\" width=\"417\" height=\"417\" src=\"https:\/\/bkkmitte-geschaeftsbericht.de\/bkkmitte2023\/wp-content\/uploads\/polygon.png\" class=\"attachment-full size-full wp-image-681\" alt=\"\" srcset=\"https:\/\/bkkmitte-geschaeftsbericht.de\/bkkmitte2023\/wp-content\/uploads\/polygon.png 417w, https:\/\/bkkmitte-geschaeftsbericht.de\/bkkmitte2023\/wp-content\/uploads\/polygon-256x256.png 256w, https:\/\/bkkmitte-geschaeftsbericht.de\/bkkmitte2023\/wp-content\/uploads\/elementor\/thumbs\/polygon-qm46n8e7i4rweszbnhb3orp1tdp7463c9ii9e6b40w.png 80w, https:\/\/bkkmitte-geschaeftsbericht.de\/bkkmitte2023\/wp-content\/uploads\/elementor\/thumbs\/polygon-qm46n8e7zoah208tf1nkj78e8bdukvdmm8cbuqi01c.png 120w\" sizes=\"(max-width: 417px) 100vw, 417px\" \/>\t\t\t\t\t\t\t\t\t\t\t\t\t\t\t<\/div>\n\t\t\t\t<\/div>\n\t\t\t\t<div class=\"elementor-element elementor-element-1d2439e elementor-widget__width-auto elementor-absolute elementor-widget elementor-widget-image\" data-id=\"1d2439e\" data-element_type=\"widget\" data-settings=\"{&quot;_position&quot;:&quot;absolute&quot;,&quot;motion_fx_motion_fx_mouse&quot;:&quot;yes&quot;,&quot;motion_fx_mouseTrack_effect&quot;:&quot;yes&quot;,&quot;motion_fx_mouseTrack_speed&quot;:{&quot;unit&quot;:&quot;px&quot;,&quot;size&quot;:0.8,&quot;sizes&quot;:[]}}\" data-widget_type=\"image.default\">\n\t\t\t\t<div class=\"elementor-widget-container\">\n\t\t\t\t\t\t\t\t\t\t\t\t\t\t\t<img fetchpriority=\"high\" decoding=\"async\" width=\"417\" height=\"417\" src=\"https:\/\/bkkmitte-geschaeftsbericht.de\/bkkmitte2023\/wp-content\/uploads\/polygon.png\" class=\"attachment-full size-full wp-image-681\" alt=\"\" srcset=\"https:\/\/bkkmitte-geschaeftsbericht.de\/bkkmitte2023\/wp-content\/uploads\/polygon.png 417w, https:\/\/bkkmitte-geschaeftsbericht.de\/bkkmitte2023\/wp-content\/uploads\/polygon-256x256.png 256w, https:\/\/bkkmitte-geschaeftsbericht.de\/bkkmitte2023\/wp-content\/uploads\/elementor\/thumbs\/polygon-qm46n8e7i4rweszbnhb3orp1tdp7463c9ii9e6b40w.png 80w, https:\/\/bkkmitte-geschaeftsbericht.de\/bkkmitte2023\/wp-content\/uploads\/elementor\/thumbs\/polygon-qm46n8e7zoah208tf1nkj78e8bdukvdmm8cbuqi01c.png 120w\" sizes=\"(max-width: 417px) 100vw, 417px\" \/>\t\t\t\t\t\t\t\t\t\t\t\t\t\t\t<\/div>\n\t\t\t\t<\/div>\n\t\t\t\t\t<\/div>\n\t\t<\/div>\n\t\t\t\t\t<\/div>\n\t\t<\/section>\n\t\t\t\t<section class=\"elementor-section elementor-top-section elementor-element elementor-element-8d9035b elementor-section-stretched elementor-section-boxed elementor-section-height-default elementor-section-height-default\" data-id=\"8d9035b\" data-element_type=\"section\" data-settings=\"{&quot;stretch_section&quot;:&quot;section-stretched&quot;,&quot;background_background&quot;:&quot;classic&quot;}\">\n\t\t\t\t\t\t\t<div class=\"elementor-background-overlay\"><\/div>\n\t\t\t\t\t\t\t<div class=\"elementor-container elementor-column-gap-default\">\n\t\t\t\t\t<div class=\"elementor-column elementor-col-50 elementor-top-column elementor-element elementor-element-9a850d0\" data-id=\"9a850d0\" data-element_type=\"column\" data-settings=\"{&quot;background_background&quot;:&quot;classic&quot;}\">\n\t\t\t<div class=\"elementor-widget-wrap elementor-element-populated\">\n\t\t\t\t\t<div class=\"elementor-background-overlay\"><\/div>\n\t\t\t\t\t\t<div class=\"elementor-element elementor-element-1a7b1a9 elementor-widget elementor-widget-menu-anchor\" data-id=\"1a7b1a9\" data-element_type=\"widget\" data-widget_type=\"menu-anchor.default\">\n\t\t\t\t<div class=\"elementor-widget-container\">\n\t\t\t\t\t\t\t<div class=\"elementor-menu-anchor\" id=\"neue-konzepte\"><\/div>\n\t\t\t\t\t\t<\/div>\n\t\t\t\t<\/div>\n\t\t\t\t<div class=\"elementor-element elementor-element-da827fd elementor-widget elementor-widget-heading\" data-id=\"da827fd\" data-element_type=\"widget\" data-widget_type=\"heading.default\">\n\t\t\t\t<div class=\"elementor-widget-container\">\n\t\t\t\t\t<h2 class=\"elementor-heading-title elementor-size-default\">Neue Konzepte f\u00fcr die IT <\/h2>\t\t\t\t<\/div>\n\t\t\t\t<\/div>\n\t\t\t\t<div class=\"elementor-element elementor-element-9a14ffe elementor-widget elementor-widget-text-editor\" data-id=\"9a14ffe\" data-element_type=\"widget\" data-widget_type=\"text-editor.default\">\n\t\t\t\t<div class=\"elementor-widget-container\">\n\t\t\t\t\t\t\t\t\t<p>In Anbetracht der sich st\u00e4ndig weiterentwickelnden technologischen Landschaft und der zunehmenden Bedrohungen durch Cyberkriminalit\u00e4t, steht auch der BKK Landesverband Mitte vor neuen Herausforderungen und Chancen. Daher wurde im Jahr 2023 damit begonnen, den IT Bereich im BKK Landesverband Mitte neu auszurichten.<\/p>\t\t\t\t\t\t\t\t<\/div>\n\t\t\t\t<\/div>\n\t\t\t\t<div class=\"elementor-element elementor-element-2ce3e48 elementor-button-primary elementor-widget elementor-widget-button\" data-id=\"2ce3e48\" data-element_type=\"widget\" data-widget_type=\"button.default\">\n\t\t\t\t<div class=\"elementor-widget-container\">\n\t\t\t\t\t\t\t\t\t<div class=\"elementor-button-wrapper\">\n\t\t\t\t\t<a class=\"elementor-button elementor-button-link elementor-size-sm\" href=\"https:\/\/bkkmitte-geschaeftsbericht.de\/bkkmitte2023\/neue-konzepte-fuer-die-it\/\">\n\t\t\t\t\t\t<span class=\"elementor-button-content-wrapper\">\n\t\t\t\t\t\t\t\t\t<span class=\"elementor-button-text\">Weiter<\/span>\n\t\t\t\t\t<\/span>\n\t\t\t\t\t<\/a>\n\t\t\t\t<\/div>\n\t\t\t\t\t\t\t\t<\/div>\n\t\t\t\t<\/div>\n\t\t\t\t\t<\/div>\n\t\t<\/div>\n\t\t\t\t<div class=\"elementor-column elementor-col-50 elementor-top-column elementor-element elementor-element-edc2b0c\" data-id=\"edc2b0c\" data-element_type=\"column\">\n\t\t\t<div class=\"elementor-widget-wrap elementor-element-populated\">\n\t\t\t\t\t\t<div class=\"elementor-element elementor-element-b25780f elementor-widget elementor-widget-image\" data-id=\"b25780f\" data-element_type=\"widget\" data-widget_type=\"image.default\">\n\t\t\t\t<div class=\"elementor-widget-container\">\n\t\t\t\t\t\t\t\t\t\t\t\t\t\t\t<img decoding=\"async\" width=\"1014\" height=\"1024\" src=\"https:\/\/bkkmitte-geschaeftsbericht.de\/bkkmitte2023\/wp-content\/uploads\/it-1014x1024.gif\" class=\"attachment-large size-large wp-image-735\" alt=\"\" srcset=\"https:\/\/bkkmitte-geschaeftsbericht.de\/bkkmitte2023\/wp-content\/uploads\/it-1014x1024.gif 1014w, https:\/\/bkkmitte-geschaeftsbericht.de\/bkkmitte2023\/wp-content\/uploads\/it-507x512.gif 507w, https:\/\/bkkmitte-geschaeftsbericht.de\/bkkmitte2023\/wp-content\/uploads\/it-768x776.gif 768w, https:\/\/bkkmitte-geschaeftsbericht.de\/bkkmitte2023\/wp-content\/uploads\/it-1521x1536.gif 1521w\" sizes=\"(max-width: 1014px) 100vw, 1014px\" \/>\t\t\t\t\t\t\t\t\t\t\t\t\t\t\t<\/div>\n\t\t\t\t<\/div>\n\t\t\t\t\t<\/div>\n\t\t<\/div>\n\t\t\t\t\t<\/div>\n\t\t<\/section>\n\t\t\t\t<section class=\"elementor-section elementor-top-section elementor-element elementor-element-76be334 elementor-section-stretched elementor-section-content-middle elementor-section-boxed elementor-section-height-default elementor-section-height-default\" data-id=\"76be334\" data-element_type=\"section\" data-settings=\"{&quot;stretch_section&quot;:&quot;section-stretched&quot;,&quot;background_background&quot;:&quot;classic&quot;}\">\n\t\t\t\t\t\t<div class=\"elementor-container elementor-column-gap-default\">\n\t\t\t\t\t<div class=\"elementor-column elementor-col-50 elementor-top-column elementor-element elementor-element-a598062\" data-id=\"a598062\" data-element_type=\"column\" data-settings=\"{&quot;background_background&quot;:&quot;classic&quot;,&quot;background_motion_fx_motion_fx_scrolling&quot;:&quot;yes&quot;,&quot;background_motion_fx_translateY_effect&quot;:&quot;yes&quot;,&quot;motion_fx_motion_fx_scrolling&quot;:&quot;yes&quot;,&quot;motion_fx_translateY_effect&quot;:&quot;yes&quot;,&quot;background_motion_fx_translateY_speed&quot;:{&quot;unit&quot;:&quot;px&quot;,&quot;size&quot;:4,&quot;sizes&quot;:[]},&quot;background_motion_fx_translateY_affectedRange&quot;:{&quot;unit&quot;:&quot;%&quot;,&quot;size&quot;:&quot;&quot;,&quot;sizes&quot;:{&quot;start&quot;:0,&quot;end&quot;:100}},&quot;background_motion_fx_devices&quot;:[&quot;desktop&quot;,&quot;tablet&quot;,&quot;mobile&quot;],&quot;motion_fx_translateY_speed&quot;:{&quot;unit&quot;:&quot;px&quot;,&quot;size&quot;:4,&quot;sizes&quot;:[]},&quot;motion_fx_translateY_affectedRange&quot;:{&quot;unit&quot;:&quot;%&quot;,&quot;size&quot;:&quot;&quot;,&quot;sizes&quot;:{&quot;start&quot;:0,&quot;end&quot;:100}},&quot;motion_fx_devices&quot;:[&quot;desktop&quot;,&quot;tablet&quot;,&quot;mobile&quot;]}\">\n\t\t\t<div class=\"elementor-widget-wrap elementor-element-populated\">\n\t\t\t\t\t\t<div class=\"elementor-element elementor-element-3f2cd27 elementor-widget elementor-widget-text-editor\" data-id=\"3f2cd27\" data-element_type=\"widget\" data-widget_type=\"text-editor.default\">\n\t\t\t\t<div class=\"elementor-widget-container\">\n\t\t\t\t\t\t\t\t\t<p>Das Compliance Handbuch beinhaltet:<\/p>\t\t\t\t\t\t\t\t<\/div>\n\t\t\t\t<\/div>\n\t\t\t\t<div class=\"elementor-element elementor-element-0846aef elementor-widget elementor-widget-image\" data-id=\"0846aef\" data-element_type=\"widget\" data-widget_type=\"image.default\">\n\t\t\t\t<div class=\"elementor-widget-container\">\n\t\t\t\t\t\t\t\t\t\t\t\t\t\t\t<img decoding=\"async\" width=\"674\" height=\"971\" src=\"https:\/\/bkkmitte-geschaeftsbericht.de\/bkkmitte2023\/wp-content\/uploads\/compliance_v2.jpg\" class=\"attachment-large size-large wp-image-933\" alt=\"\" srcset=\"https:\/\/bkkmitte-geschaeftsbericht.de\/bkkmitte2023\/wp-content\/uploads\/compliance_v2.jpg 674w, https:\/\/bkkmitte-geschaeftsbericht.de\/bkkmitte2023\/wp-content\/uploads\/compliance_v2-355x512.jpg 355w\" sizes=\"(max-width: 674px) 100vw, 674px\" \/>\t\t\t\t\t\t\t\t\t\t\t\t\t\t\t<\/div>\n\t\t\t\t<\/div>\n\t\t\t\t\t<\/div>\n\t\t<\/div>\n\t\t\t\t<div class=\"elementor-column elementor-col-50 elementor-top-column elementor-element elementor-element-f224c1d\" data-id=\"f224c1d\" data-element_type=\"column\">\n\t\t\t<div class=\"elementor-widget-wrap elementor-element-populated\">\n\t\t\t\t\t\t<div class=\"elementor-element elementor-element-c841a4a elementor-widget elementor-widget-menu-anchor\" data-id=\"c841a4a\" data-element_type=\"widget\" data-widget_type=\"menu-anchor.default\">\n\t\t\t\t<div class=\"elementor-widget-container\">\n\t\t\t\t\t\t\t<div class=\"elementor-menu-anchor\" id=\"compliance-management\"><\/div>\n\t\t\t\t\t\t<\/div>\n\t\t\t\t<\/div>\n\t\t\t\t<div class=\"elementor-element elementor-element-c8e9ef4 elementor-widget elementor-widget-heading\" data-id=\"c8e9ef4\" data-element_type=\"widget\" data-widget_type=\"heading.default\">\n\t\t\t\t<div class=\"elementor-widget-container\">\n\t\t\t\t\t<h2 class=\"elementor-heading-title elementor-size-default\">Gesicherte Basis durch umfassendes Compliance-Management<\/h2>\t\t\t\t<\/div>\n\t\t\t\t<\/div>\n\t\t\t\t<div class=\"elementor-element elementor-element-61da868 elementor-widget elementor-widget-text-editor\" data-id=\"61da868\" data-element_type=\"widget\" data-widget_type=\"text-editor.default\">\n\t\t\t\t<div class=\"elementor-widget-container\">\n\t\t\t\t\t\t\t\t\t<p>Damit auch im BKK Landesverband Mitte gesetzestreu gehandelt wird und der Landesverband vor Korruption und kriminellen Handlungen gesch\u00fctzt ist, wurde bereits seit dem Jahr 2017 mit zahlreichen Ma\u00dfnahmen begonnen, die im Jahr 2022 in ein umfangreiches Compliance-System m\u00fcndeten.<\/p><p>Dazu geh\u00f6rt nicht nur ein Allgemeines Compliance-Handbuch, sondern erg\u00e4nzend dazu ein gesondertes TAX-Compliance-Handbuch zur Vermeidung steuerrechtlichen Fehlverhaltens.<\/p><p>F\u00fcr die Besch\u00e4ftigten und f\u00fcr den Vorstand werden neben den internen Regelungen, wie beispielsweise der Anti-Korruptionsrichtlinie, weitere Verfahrensvorgaben erl\u00e4utert und mit Praxisbeispielen untermauert. In diesem Zusammenhang erfolgt zudem die stete Anpassung des Gef\u00e4hrdungsatlasses gem\u00e4\u00df der Anti-Korruptions-Richtlinie des BKK Landesverbandes Mitte. Dies erfolgt anhand einer regelm\u00e4\u00dfigen Risikoanalyse der Stellen. Zudem wird regelm\u00e4\u00dfig einmal im Jahr im Verwaltungsrat des BKK Landesverbandes Mitte berichtet.<\/p><p>Dar\u00fcber hinaus wurde im Jahr 2023 in enger Zusammenarbeit mit dem Personalrat des BKK Landesverbandes Mitte ein vertraulicher Meldekanal f\u00fcr Hinweise der Besch\u00e4ftigten eingerichtet. Damit wird dem am 2. Juli 2023 in Kraft getretenem Hinweisgeberschutzgesetzt entsprochen.<\/p><p>Die umfassende Betreuung und Sicherung des Systems erfolgen durch den Risiko- und Compliance-Beauftragten Andr\u00e9 Resner.<\/p>\t\t\t\t\t\t\t\t<\/div>\n\t\t\t\t<\/div>\n\t\t\t\t\t<\/div>\n\t\t<\/div>\n\t\t\t\t\t<\/div>\n\t\t<\/section>\n\t\t\t\t<section class=\"elementor-section elementor-top-section elementor-element elementor-element-520e28f elementor-section-stretched elementor-section-boxed elementor-section-height-default elementor-section-height-default\" data-id=\"520e28f\" data-element_type=\"section\" data-settings=\"{&quot;stretch_section&quot;:&quot;section-stretched&quot;,&quot;background_background&quot;:&quot;classic&quot;}\">\n\t\t\t\t\t\t<div class=\"elementor-container elementor-column-gap-default\">\n\t\t\t\t\t<div class=\"elementor-column elementor-col-100 elementor-top-column elementor-element elementor-element-b92bc0f\" data-id=\"b92bc0f\" data-element_type=\"column\">\n\t\t\t<div class=\"elementor-widget-wrap elementor-element-populated\">\n\t\t\t\t\t\t<div class=\"elementor-element elementor-element-495bef2 elementor-widget elementor-widget-menu-anchor\" data-id=\"495bef2\" data-element_type=\"widget\" data-widget_type=\"menu-anchor.default\">\n\t\t\t\t<div class=\"elementor-widget-container\">\n\t\t\t\t\t\t\t<div class=\"elementor-menu-anchor\" id=\"erfolg-durch-verbundenheit\"><\/div>\n\t\t\t\t\t\t<\/div>\n\t\t\t\t<\/div>\n\t\t\t\t<div class=\"elementor-element elementor-element-a5939c9 elementor-widget elementor-widget-heading\" data-id=\"a5939c9\" data-element_type=\"widget\" data-widget_type=\"heading.default\">\n\t\t\t\t<div class=\"elementor-widget-container\">\n\t\t\t\t\t<h3 class=\"elementor-heading-title elementor-size-default\">Erfolg durch Verbundenheit <\/h3>\t\t\t\t<\/div>\n\t\t\t\t<\/div>\n\t\t\t\t<div class=\"elementor-element elementor-element-9bdd356 elementor-widget elementor-widget-heading\" data-id=\"9bdd356\" data-element_type=\"widget\" data-widget_type=\"heading.default\">\n\t\t\t\t<div class=\"elementor-widget-container\">\n\t\t\t\t\t<h2 class=\"elementor-heading-title elementor-size-default\">Gegen Betrug im Gesundheitswesen <\/h2>\t\t\t\t<\/div>\n\t\t\t\t<\/div>\n\t\t\t\t<div class=\"elementor-element elementor-element-0204583 elementor-widget elementor-widget-text-editor\" data-id=\"0204583\" data-element_type=\"widget\" data-widget_type=\"text-editor.default\">\n\t\t\t\t<div class=\"elementor-widget-container\">\n\t\t\t\t\t\t\t\t\t<p>Betrug und Fehlverhalten im Gesundheitswesen verursachen j\u00e4hrlich erhebliche wirtschaftliche Sch\u00e4den in den Gesetzlichen Kranken- und Pflegekassen. Zur Vermeidung von Missbrauch und Korruption finden daher seit einigen Jahren durch die Beauftragten f\u00fcr Fehlverhalten im Gesundheitswesen, die bei allen Kranken- und Pflegekassen sowie ihren Landesverb\u00e4nden und dem GKV-Spitzenverband eingerichtet sind, regelm\u00e4\u00dfige Austausche statt. Die Beauftragten f\u00fcr Fehlverhalten analysieren gemeinsam Schwachstellen sowie Betrugsmuster und pr\u00fcfen M\u00f6glichkeiten, um Betrugshandlungen zu vermeiden.<\/p>\t\t\t\t\t\t\t\t<\/div>\n\t\t\t\t<\/div>\n\t\t\t\t<div class=\"elementor-element elementor-element-a4a46b2 elementor-button-primary elementor-widget elementor-widget-button\" data-id=\"a4a46b2\" data-element_type=\"widget\" data-widget_type=\"button.default\">\n\t\t\t\t<div class=\"elementor-widget-container\">\n\t\t\t\t\t\t\t\t\t<div class=\"elementor-button-wrapper\">\n\t\t\t\t\t<a class=\"elementor-button elementor-button-link elementor-size-sm\" href=\"https:\/\/bkkmitte-geschaeftsbericht.de\/bkkmitte2023\/erfolg-durch-verbundenheit\/\">\n\t\t\t\t\t\t<span class=\"elementor-button-content-wrapper\">\n\t\t\t\t\t\t\t\t\t<span class=\"elementor-button-text\">Weiter<\/span>\n\t\t\t\t\t<\/span>\n\t\t\t\t\t<\/a>\n\t\t\t\t<\/div>\n\t\t\t\t\t\t\t\t<\/div>\n\t\t\t\t<\/div>\n\t\t\t\t<div class=\"elementor-element elementor-element-63185b4 elementor-widget__width-auto elementor-absolute elementor-widget elementor-widget-image\" data-id=\"63185b4\" data-element_type=\"widget\" data-settings=\"{&quot;_position&quot;:&quot;absolute&quot;}\" data-widget_type=\"image.default\">\n\t\t\t\t<div class=\"elementor-widget-container\">\n\t\t\t\t\t\t\t\t\t\t\t\t\t\t\t<img loading=\"lazy\" decoding=\"async\" width=\"1200\" height=\"955\" src=\"https:\/\/bkkmitte-geschaeftsbericht.de\/bkkmitte2023\/wp-content\/uploads\/arrow_textur.gif\" class=\"attachment-full size-full wp-image-736\" alt=\"\" \/>\t\t\t\t\t\t\t\t\t\t\t\t\t\t\t<\/div>\n\t\t\t\t<\/div>\n\t\t\t\t\t<\/div>\n\t\t<\/div>\n\t\t\t\t\t<\/div>\n\t\t<\/section>\n\t\t\t\t<\/div>\n\t\t","protected":false},"excerpt":{"rendered":"<p>Stabiles Fundament \u2013 Auswirkungen der allgemeinen Zinspolitik Mit der Haushaltsplanung f\u00fcr das Haushaltsjahr 2023 wurden im Herbst 2022 Zinseinnahmen f\u00fcr die BKK-Arbeitgeberversicherung von 941.000 Euro und f\u00fcr den BKK Landesverband Mitte von 90.000 Euro geplant. Zu diesem Zeitpunkt war noch nicht absehbar, in welchem Ma\u00dfe sich die Zinspolitik entwickeln w\u00fcrde. Die Europ\u00e4ische Zentralbank (EZB) hatte&hellip;<\/p>\n","protected":false},"author":2,"featured_media":0,"parent":0,"menu_order":11,"comment_status":"closed","ping_status":"closed","template":"","meta":{"footnotes":""},"class_list":["post-732","page","type-page","status-publish","hentry"],"_links":{"self":[{"href":"https:\/\/bkkmitte-geschaeftsbericht.de\/bkkmitte2023\/wp-json\/wp\/v2\/pages\/732","targetHints":{"allow":["GET"]}}],"collection":[{"href":"https:\/\/bkkmitte-geschaeftsbericht.de\/bkkmitte2023\/wp-json\/wp\/v2\/pages"}],"about":[{"href":"https:\/\/bkkmitte-geschaeftsbericht.de\/bkkmitte2023\/wp-json\/wp\/v2\/types\/page"}],"author":[{"embeddable":true,"href":"https:\/\/bkkmitte-geschaeftsbericht.de\/bkkmitte2023\/wp-json\/wp\/v2\/users\/2"}],"replies":[{"embeddable":true,"href":"https:\/\/bkkmitte-geschaeftsbericht.de\/bkkmitte2023\/wp-json\/wp\/v2\/comments?post=732"}],"version-history":[{"count":0,"href":"https:\/\/bkkmitte-geschaeftsbericht.de\/bkkmitte2023\/wp-json\/wp\/v2\/pages\/732\/revisions"}],"wp:attachment":[{"href":"https:\/\/bkkmitte-geschaeftsbericht.de\/bkkmitte2023\/wp-json\/wp\/v2\/media?parent=732"}],"curies":[{"name":"wp","href":"https:\/\/api.w.org\/{rel}","templated":true}]}}