{"id":688,"date":"2024-05-02T09:23:32","date_gmt":"2024-05-02T07:23:32","guid":{"rendered":"https:\/\/bkkmitte-geschaeftsbericht.de\/bkkmitte2023\/?page_id=688"},"modified":"2024-06-26T10:31:04","modified_gmt":"2024-06-26T08:31:04","slug":"vorwort","status":"publish","type":"page","link":"https:\/\/bkkmitte-geschaeftsbericht.de\/bkkmitte2023\/vorwort\/","title":{"rendered":"Vorwort"},"content":{"rendered":"\t\t<div data-elementor-type=\"wp-page\" data-elementor-id=\"688\" class=\"elementor elementor-688\" data-elementor-post-type=\"page\">\n\t\t\t\t\t\t<section class=\"elementor-section elementor-top-section elementor-element elementor-element-e0a53a7 elementor-section-stretched elementor-section-boxed elementor-section-height-default elementor-section-height-default\" data-id=\"e0a53a7\" data-element_type=\"section\" data-settings=\"{&quot;stretch_section&quot;:&quot;section-stretched&quot;}\">\n\t\t\t\t\t\t<div class=\"elementor-container elementor-column-gap-default\">\n\t\t\t\t\t<div class=\"elementor-column elementor-col-100 elementor-top-column elementor-element elementor-element-fe91447\" data-id=\"fe91447\" data-element_type=\"column\">\n\t\t\t<div class=\"elementor-widget-wrap elementor-element-populated\">\n\t\t\t\t\t\t<div class=\"elementor-element elementor-element-9c962f1 elementor-widget elementor-widget-heading\" data-id=\"9c962f1\" data-element_type=\"widget\" data-widget_type=\"heading.default\">\n\t\t\t\t<div class=\"elementor-widget-container\">\n\t\t\t\t\t<h2 class=\"elementor-heading-title elementor-size-default\">Liebe Leserinnen und Leser,<\/h2>\t\t\t\t<\/div>\n\t\t\t\t<\/div>\n\t\t\t\t<div class=\"elementor-element elementor-element-a60c983 elementor-widget elementor-widget-text-editor\" data-id=\"a60c983\" data-element_type=\"widget\" data-widget_type=\"text-editor.default\">\n\t\t\t\t<div class=\"elementor-widget-container\">\n\t\t\t\t\t\t\t\t\t<p>das Gesundheitswesen ist eine Dauerbaustelle, die von der Gesetzlichen Krankenversicherung kontinuierliches Reagieren und vorausschauendes Handeln erfordert. Wer hierbei die gemeinsamen Kr\u00e4fte b\u00fcndelt, ist im Vorteil.<\/p><p>Seit gut vier Jahren gibt es das Aufbruch-Projekt im BKK System. Begleitet von den Betriebskrankenkassen und ihren Verb\u00e4nden, haben die Beteiligten hier Themenfelder identifiziert, verifiziert und validiert sowie gemeinsam weiterentwickelt.<\/p><p>Das BKK System gestaltet aktiv, unter Federf\u00fchrung der Audi BKK und des BKK Landesverbandes Mitte, den Transformationsprozess \u201eUnsere BKK Landesverb\u00e4nde gemeinsam im Aufbruch mit den BKKn f\u00fcr die Zukunft des BKK Systems\u201c, um mit neuem Denken, Mut zur Ver\u00e4nderung, Gestaltungswillen und Geschlossenheit das BKK System zukunftsf\u00e4hig aufzustellen.<\/p><p>Der BKK Landesverband Mitte \u00fcbernimmt unter anderem dabei die Vorstandspatenschaft f\u00fcr das Entwicklungs-Board Versorgung und Vertr\u00e4ge und die Sprecherfunktionen in den Kompetenz-Teams Impfen, Hilfsmittel, Rehabilitation und Pflege. In den Entwicklungs-Boards arbeiten die wichtigen Stakeholder zusammen, um operative mit strategischen Fragen zu verbinden und durch das konsequente Zusammenarbeiten der Fach- und Entscheidungsebene zu schnelleren Ergebnissen zu kommen.<\/p><p>Auch in der Arbeitsgruppe Lobbying und Kommunikation hat der BKK Landesverband Mitte eine Moderatorenfunktion inne. Ziel ist, f\u00fcr die Betriebskrankenkassen strukturierte politische Versorgungskonzepte zu erarbeiten und entsprechende Kommunikationsinstrumente zur Verf\u00fcgung zu stellen. Mit gemeinsamen Zielen, gemeinsamer Sprache und gemeinsamer Botschaft wollen die Betriebskrankenkassen der Politik gegen\u00fcber auftreten.<\/p><p>Daneben wurde die fachliche Zusammenarbeit mit den Betriebskrankenkassen und den BKK Landesverb\u00e4nden, beispielsweise beim Netzwerktreffen der Pr\u00e4ventions-Experten oder dem Digitalen Stammtisch der BKK Fachberatung \u201eBeitr\u00e4ge, Meldungen, Versicherungen\u201c, weiter intensiviert. Nur gemeinsam lassen sich Interessen b\u00fcndeln, Herausforderungen bew\u00e4ltigen und Ressourcen nachhaltig einsetzen.<\/p><p>\u00dcber dieses und vieles weitere mehr lesen Sie in unserem aktuellen Gesch\u00e4ftsbericht. Wir w\u00fcnschen Ihnen eine interessante Lekt\u00fcre.<\/p><p><strong>Ihr Burkhard Spahn und Ihre Marion Gumbel<\/strong><\/p>\t\t\t\t\t\t\t\t<\/div>\n\t\t\t\t<\/div>\n\t\t\t\t\t<\/div>\n\t\t<\/div>\n\t\t\t\t\t<\/div>\n\t\t<\/section>\n\t\t\t\t<section class=\"elementor-section elementor-top-section elementor-element elementor-element-bf47146 elementor-section-boxed elementor-section-height-default elementor-section-height-default\" data-id=\"bf47146\" data-element_type=\"section\">\n\t\t\t\t\t\t<div class=\"elementor-container elementor-column-gap-default\">\n\t\t\t\t\t<div class=\"elementor-column elementor-col-100 elementor-top-column elementor-element elementor-element-5944338\" data-id=\"5944338\" data-element_type=\"column\">\n\t\t\t<div class=\"elementor-widget-wrap elementor-element-populated\">\n\t\t\t\t\t\t<div class=\"elementor-element elementor-element-0eb1657 elementor-widget elementor-widget-image\" data-id=\"0eb1657\" data-element_type=\"widget\" data-widget_type=\"image.default\">\n\t\t\t\t<div class=\"elementor-widget-container\">\n\t\t\t\t\t\t\t\t\t\t\t\t\t\t\t<img fetchpriority=\"high\" decoding=\"async\" width=\"2500\" height=\"1797\" src=\"https:\/\/bkkmitte-geschaeftsbericht.de\/bkkmitte2023\/wp-content\/uploads\/weiter-entwicklung3.gif\" class=\"attachment-full size-full wp-image-770\" alt=\"\" \/>\t\t\t\t\t\t\t\t\t\t\t\t\t\t\t<\/div>\n\t\t\t\t<\/div>\n\t\t\t\t\t<\/div>\n\t\t<\/div>\n\t\t\t\t\t<\/div>\n\t\t<\/section>\n\t\t\t\t<\/div>\n\t\t","protected":false},"excerpt":{"rendered":"<p>Liebe Leserinnen und Leser, das Gesundheitswesen ist eine Dauerbaustelle, die von der Gesetzlichen Krankenversicherung kontinuierliches Reagieren und vorausschauendes Handeln erfordert. Wer hierbei die gemeinsamen Kr\u00e4fte b\u00fcndelt, ist im Vorteil. Seit gut vier Jahren gibt es das Aufbruch-Projekt im BKK System. Begleitet von den Betriebskrankenkassen und ihren Verb\u00e4nden, haben die Beteiligten hier Themenfelder identifiziert, verifiziert und&hellip;<\/p>\n","protected":false},"author":2,"featured_media":0,"parent":0,"menu_order":7,"comment_status":"closed","ping_status":"closed","template":"","meta":{"footnotes":""},"class_list":["post-688","page","type-page","status-publish","hentry"],"_links":{"self":[{"href":"https:\/\/bkkmitte-geschaeftsbericht.de\/bkkmitte2023\/wp-json\/wp\/v2\/pages\/688","targetHints":{"allow":["GET"]}}],"collection":[{"href":"https:\/\/bkkmitte-geschaeftsbericht.de\/bkkmitte2023\/wp-json\/wp\/v2\/pages"}],"about":[{"href":"https:\/\/bkkmitte-geschaeftsbericht.de\/bkkmitte2023\/wp-json\/wp\/v2\/types\/page"}],"author":[{"embeddable":true,"href":"https:\/\/bkkmitte-geschaeftsbericht.de\/bkkmitte2023\/wp-json\/wp\/v2\/users\/2"}],"replies":[{"embeddable":true,"href":"https:\/\/bkkmitte-geschaeftsbericht.de\/bkkmitte2023\/wp-json\/wp\/v2\/comments?post=688"}],"version-history":[{"count":0,"href":"https:\/\/bkkmitte-geschaeftsbericht.de\/bkkmitte2023\/wp-json\/wp\/v2\/pages\/688\/revisions"}],"wp:attachment":[{"href":"https:\/\/bkkmitte-geschaeftsbericht.de\/bkkmitte2023\/wp-json\/wp\/v2\/media?parent=688"}],"curies":[{"name":"wp","href":"https:\/\/api.w.org\/{rel}","templated":true}]}}