{"id":6,"date":"2023-07-06T10:12:54","date_gmt":"2023-07-06T10:12:54","guid":{"rendered":"https:\/\/bkkmitte-geschaeftsbericht.de\/bkkmitte2023\/?page_id=6"},"modified":"2024-08-01T16:04:02","modified_gmt":"2024-08-01T14:04:02","slug":"impressum","status":"publish","type":"page","link":"https:\/\/bkkmitte-geschaeftsbericht.de\/bkkmitte2023\/impressum\/","title":{"rendered":"Impressum"},"content":{"rendered":"<h2>Angaben gem\u00e4\u00df \u00a7 5 TMG<\/h2>\n<p><strong>BKK Landesverband Mitte<\/strong><br \/>\nK\u00f6rperschaft des \u00f6ffentlichen Rechts<br \/>\nIK 101722005<\/p>\n<p><strong>Sitz Berlin<\/strong><br \/>\nErnst-Reuter-Platz 3-5<br \/>\n10587 Berlin<br \/>\nTelefon 030 383907-0<br \/>\nTelefax 030 383907-01<\/p>\n<p><strong>Haupt- und Rechtssitz Hannover<\/strong><br \/>\nEintrachtweg 19<br \/>\n30173 Hannover<br \/>\nTelefon 0511 34844-0<br \/>\nTelefax 0511 34844-119<\/p>\n<p>Verwaltungsrat: Roland Brendel, Dr. Wolfgang Hoffmann (alternierende Vorsitzende)<br \/>\nVorstand: Burkhard Spahn<\/p>\n<p><strong>zust\u00e4ndige Aufsichtsbeh\u00f6rde<\/strong><br \/>\nNieders\u00e4chsisches Ministerium f\u00fcr Soziales, Gesundheit und Gleichstellung<br \/>\nHannah-Arendt-Platz 2<br \/>\n30159 Hannover<\/p>\n<h2>Kontakt<\/h2>\n<p>E-Mail: info@bkkmitte.de<\/p>\n<h2>Redaktionell verantwortlich<\/h2>\n<p>Katja Brachlow<\/p>\n<h2>Konzept &amp; Gestaltung<\/h2>\n<p>Hoffmann Kommunikation GmbH<br \/>\nAlter Markt 13\/14<br \/>\n39104 Magdeburg<\/p>\n<h2>EU-Streitschlichtung<\/h2>\n<p>Die Europ\u00e4ische Kommission stellt eine Plattform zur Online-Streitbeilegung (OS) bereit:\u00a0<a href=\"https:\/\/ec.europa.eu\/consumers\/odr\/\" target=\"_blank\" rel=\"noopener noreferrer\">https:\/\/ec.europa.eu\/consumers\/odr\/<\/a>.<br \/>\nUnsere E-Mail-Adresse finden Sie oben im Impressum.<\/p>\n<h2>Verbraucher\u00adstreit\u00adbeilegung\/Universal\u00adschlichtungs\u00adstelle<\/h2>\n<p>Wir sind nicht bereit oder verpflichtet, an Streitbeilegungsverfahren vor einer Verbraucherschlichtungsstelle teilzunehmen.<\/p>\n<p>Quelle:\u00a0<a href=\"https:\/\/www.e-recht24.de\/\">e-recht24.de<\/a><\/p>\n<h2>Bildnachweise<\/h2>\n<p><strong>Home | Dialoge weiterf\u00fchren:<\/strong><\/p>\n<p class=\"p1\">Fotos der Veranstaltung \u2013 BKK Landesverband Mitte<\/p>\n<p><strong>Miteinander | Verwaltungsratsvorsitzende:<\/strong><\/p>\n<p class=\"p1\">Rolf Dohm und Roland Brendel \u2013 BKK Landesverband Mitte<\/p>\n<p>Verleihung des Bundesverdienstkreuzes am Bande \u2013 Benno van Walsem Fotograf &amp; Grafiker<\/p>\n<p><strong>Weiterbilden | Sportliche Erfolge:<\/strong><\/p>\n<p>BKK Landesverband Mitte<\/p>\n<p><strong>Weiterbilden | Gr\u00fcner Daumen:<\/strong><\/p>\n<p>BKK Landesverband Mitte<\/p>\n<p><strong>Dialoge weiterf\u00fchren:<\/strong><\/p>\n<p class=\"p1\">Fotos der Veranstaltung \u2013 BKK Landesverband Mitte<\/p>\n<p><strong>Versorgung im Fokus | Kompetenzteam Rehabilitation:<\/strong><\/p>\n<p>Harri Ackermann \u2013 BKK Deutsche Bank<\/p>\n<p><strong>Mit Weitblick handeln | Gut vernetzt:<\/strong><\/p>\n<p class=\"p1\">BKK Landesverband Mitte<\/p>\n<p><strong>Weiter denken | Vorst\u00e4nde im Dialog:<\/strong><\/p>\n<p>BKK Netzwerktreffen\u00a0\u2013\u00a0BKK Landesverband Bayern<\/p>\n<p><strong>BKK-Arbeitgeberversicherung | Partnerschaftlich im Widerspruchsausschuss:<\/strong><\/p>\n<p>R\u00fcdiger Dau \u2013 BKK Landesverband Mitte<\/p>\n<p>Dieter Schaupp \u2013\u00a0TUI BKK<\/p>\n<p>Eveline Mayer \u2013 BKK Landesverband Mitte<\/p>\n<p>Wolfgang Hoffmann \u2013\u00a0mkk<\/p>\n<p>&nbsp;<\/p>\n<p>&nbsp;<\/p>\n","protected":false},"excerpt":{"rendered":"<p>Angaben gem\u00e4\u00df \u00a7 5 TMG BKK Landesverband Mitte K\u00f6rperschaft des \u00f6ffentlichen Rechts IK 101722005 Sitz Berlin Ernst-Reuter-Platz 3-5 10587 Berlin Telefon 030 383907-0 Telefax 030 383907-01 Haupt- und Rechtssitz Hannover Eintrachtweg 19 30173 Hannover Telefon 0511 34844-0 Telefax 0511 34844-119 Verwaltungsrat: Roland Brendel, Dr. Wolfgang Hoffmann (alternierende Vorsitzende) Vorstand: Burkhard Spahn zust\u00e4ndige Aufsichtsbeh\u00f6rde Nieders\u00e4chsisches Ministerium&hellip;<\/p>\n","protected":false},"author":1,"featured_media":0,"parent":0,"menu_order":22,"comment_status":"closed","ping_status":"closed","template":"","meta":{"footnotes":""},"class_list":["post-6","page","type-page","status-publish","hentry"],"_links":{"self":[{"href":"https:\/\/bkkmitte-geschaeftsbericht.de\/bkkmitte2023\/wp-json\/wp\/v2\/pages\/6","targetHints":{"allow":["GET"]}}],"collection":[{"href":"https:\/\/bkkmitte-geschaeftsbericht.de\/bkkmitte2023\/wp-json\/wp\/v2\/pages"}],"about":[{"href":"https:\/\/bkkmitte-geschaeftsbericht.de\/bkkmitte2023\/wp-json\/wp\/v2\/types\/page"}],"author":[{"embeddable":true,"href":"https:\/\/bkkmitte-geschaeftsbericht.de\/bkkmitte2023\/wp-json\/wp\/v2\/users\/1"}],"replies":[{"embeddable":true,"href":"https:\/\/bkkmitte-geschaeftsbericht.de\/bkkmitte2023\/wp-json\/wp\/v2\/comments?post=6"}],"version-history":[{"count":0,"href":"https:\/\/bkkmitte-geschaeftsbericht.de\/bkkmitte2023\/wp-json\/wp\/v2\/pages\/6\/revisions"}],"wp:attachment":[{"href":"https:\/\/bkkmitte-geschaeftsbericht.de\/bkkmitte2023\/wp-json\/wp\/v2\/media?parent=6"}],"curies":[{"name":"wp","href":"https:\/\/api.w.org\/{rel}","templated":true}]}}